{"id":339,"date":"2021-09-07T10:05:18","date_gmt":"2021-09-07T08:05:18","guid":{"rendered":"https:\/\/www.juttawopfner.com\/privacy\/"},"modified":"2021-09-09T11:45:08","modified_gmt":"2021-09-09T09:45:08","slug":"privacy","status":"publish","type":"page","link":"https:\/\/www.juttawopfner.com\/it\/privacy\/","title":{"rendered":"privacy"},"content":{"rendered":"<div class=\"fusion-fullwidth fullwidth-box fusion-builder-row-1 fusion-flex-container nonhundred-percent-fullwidth non-hundred-percent-height-scrolling\" style=\"background-color: rgba(255,255,255,0);background-position: center center;background-repeat: no-repeat;border-width: 0px 0px 0px 0px;border-color:#e2e2e2;border-style:solid;\" ><div class=\"fusion-builder-row fusion-row fusion-flex-align-items-flex-start\" style=\"max-width:1248px;margin-left: calc(-4% \/ 2 );margin-right: calc(-4% \/ 2 );\"><div class=\"fusion-layout-column fusion_builder_column fusion-builder-column-0 fusion_builder_column_1_1 1_1 fusion-flex-column\"><div class=\"fusion-column-wrapper fusion-flex-justify-content-flex-start fusion-content-layout-column\" style=\"background-position:left top;background-repeat:no-repeat;-webkit-background-size:cover;-moz-background-size:cover;-o-background-size:cover;background-size:cover;padding: 0px 0px 0px 0px;\"><div class=\"fusion-text fusion-text-1\"><h1>PROTEZIONE DATI<\/h1>\n<p>Jutta Wopfner \u00e8 responsabile del trattamento dei dati personali sul nostro sito web. Puoi trovare i dati nel <a title=\"Impressum\" href=\"https:\/\/www.juttawopfner.com\/it\/colofone\/\">colofone<\/a>.<\/p>\n<h2>protezione dati<\/h2>\n<p>Prendiamo molto sul serio la protezione dei tuoi dati personali. Trattiamo i tuoi dati personali in conformit\u00e0 con le disposizioni di legge sulla protezione dei dati e la presente dichiarazione sulla protezione dei dati.<br \/>Di norma, il nostro sito Web pu\u00f2 essere utilizzato senza fornire dati personali. Nella misura in cui i dati personali (ad es. nome, indirizzo o indirizzo e-mail) vengono raccolti sul nostro sito Web, ci\u00f2 avviene sempre su base volontaria, per quanto possibile.<\/p>\n<h2>Responsabili, destinatari<\/h2>\n<p>Elaboriamo i tuoi dati personali con il supporto di processori a contratto che ci supportano nella fornitura dei servizi (ad es. host web, servizio di invio di newsletter via e-mail). <br \/>Questi processori a contratto sono obbligati a proteggere rigorosamente i tuoi dati personali e sono autorizzati a utilizzare i tuoi dati personali dati personali Elaborare i dati esclusivamente per fornire i nostri servizi. <br \/>I tuoi dati personali saranno trasmessi solo a fornitori di servizi economici tipici come banche (in caso di trasferimenti a te), consulenti fiscali (se appaiono nella nostra contabilit\u00e0), fornitori di servizi di spedizione (in caso di invio a te), ecc.<\/p>\n<h2>Cookies<\/h2>\n<p>Questo sito utilizza i cookie.<br \/>I cookie rendono i siti web pi\u00f9 fruibili ed efficienti per l&#8217;utente. Un cookie \u00e8 un piccolo file di testo utilizzato per memorizzare informazioni. Quando si visita un sito Web, il sito Web pu\u00f2 inserire un cookie sul computer del visitatore del sito Web. Se l&#8217;utente visita di nuovo il sito Web in un secondo momento, il sito Web pu\u00f2 leggere i dati del cookie precedentemente salvato e quindi determinare, ad esempio, se l&#8217;utente ha gi\u00e0 visitato il sito Web e a quali aree del sito Web era particolarmente interessato. <br \/>Altro Puoi trovare informazioni sui cookie su <a href=\"http:\/\/de.wikipedia.org\/wiki\/HTTP-Cookie\" target=\"_blank\" rel=\"noopener noreferrer\">WIKIPEDIA<\/a>.<\/p>\n<h3>Modificare le impostazioni dei cookie<\/h3>\n<p>Il modo in cui il browser Web gestisce i cookie, quali cookie sono consentiti o rifiutati, pu\u00f2 essere determinato dall&#8217;utente nelle impostazioni del browser Web. La posizione esatta di queste impostazioni dipende dal rispettivo browser web. Informazioni dettagliate al riguardo possono essere richiamate utilizzando la funzione di aiuto del rispettivo browser Web. <br \/>Se l&#8217;uso dei cookie \u00e8 limitato, potrebbe non essere pi\u00f9 possibile utilizzare tutte le funzioni di questo sito Web nella loro misura massima.<\/p>\n<h3>Cookie sul nostro sito web<\/h3>\n<p>Il nostro sito web utilizza i seguenti cookie:<\/p>\n<ul>\n<li>Cookie assolutamente necessari per garantire le funzioni di base del sito web\n<ul>\n<li>CookieConsent: Utilizzato per memorizzare il consenso all&#8217;uso dei cookie.<\/li>\n<li>gaOptout: Utilizzato per salvare l&#8217;opt-out da Google Analytics.<\/li>\n<\/ul>\n<\/li>\n<li>Cookie funzionali per garantire le prestazioni del sito web<\/li>\n<li>Cookie di performance per migliorare l&#8217;esperienza dell&#8217;utente.\n<ul>\n<li>Google Analytics (vedi l\u00ec)<\/li>\n<\/ul>\n<\/li>\n<li>Cookie pubblicitari per controllare le campagne pubblicitarie.<\/li>\n<\/ul>\n<h2>Server Log File<\/h2>\n<p>Questo sito Web tratta i seguenti dati personali in un file di registro del server allo scopo di monitorare la funzione tecnica e aumentare la sicurezza operativa del server Web sulla base dell&#8217;interesse legittimo prevalente del responsabile (misure tecniche di sicurezza):<\/p>\n<ul>\n<li>chiamato contenuto<\/li>\n<li>Ora della richiesta al server<\/li>\n<li>Tipo di browser\/versione del browser<\/li>\n<li>sistema operativo utilizzato<\/li>\n<li>URL di riferimento<\/li>\n<li>indirizzo IP<\/li>\n<li>Nome host<\/li>\n<\/ul>\n<p>Questi dati vengono conservati solo temporaneamente per un periodo di quattro ore. Quindi l&#8217;indirizzo IP e il nome host vengono resi anonimi.<\/p>\n<h2>Google Analytics<\/h2>\n<p>Questo sito web utilizza Google Analytics, un servizio di analisi web fornito da Google Inc, 1600 Amphitheatre Parkway Mountain View, CA 94043, USA (&#8220;Google&#8221;) sulla base giuridica dell&#8217;interesse legittimo prevalente (analisi dell&#8217;utilizzo del sito web). Abbiamo stipulato un contratto di elaborazione dei dati con Google.<br \/>Quando visiti il \u200b\u200bnostro sito Web, viene stabilita una connessione software ai server di Google e i dati vengono trasmessi ai server di Google, alcuni dei quali si trovano negli Stati Uniti. Google Analytics utilizza anche i cookie per memorizzare informazioni sugli utenti del sito Web e per analizzare l&#8217;utilizzo del sito Web da parte degli utenti del sito Web. <br \/>Questo sito Web utilizza la funzione &#8220;Anonimizzazione IP&#8221;. Di conseguenza, il tuo indirizzo IP verr\u00e0 preventivamente abbreviato da Google all&#8217;interno degli Stati membri dell&#8217;Unione Europea o in altri Stati contraenti dell&#8217;Accordo sullo Spazio Economico Europeo e quindi reso anonimo. Solo in casi eccezionali l&#8217;indirizzo IP completo verr\u00e0 inviato a un server di Google negli Stati Uniti e l\u00ec abbreviato.<br \/>Secondo Google, Google utilizzer\u00e0 i dati raccolti per valutare l&#8217;utilizzo del sito Web al fine di compilare report sul sito Web attivit\u00e0 e per fornire altri servizi connessi all&#8217;attivit\u00e0 del sito Web e all&#8217;utilizzo di Internet. <br \/>Google pu\u00f2 anche trasferire queste informazioni a terzi ove ci\u00f2 sia imposto dalla legge o laddove tali terzi trattino questi dati per conto di Google. <br \/>Informazioni dettagliate Lei pu\u00f2 trovare informazioni sulla gestione dei dati degli utenti in Google Analytics nell&#8217;informativa sulla privacy di Google <a href=\"https:\/\/www.google.com\/intl\/de\/policies\/privacy\/\" target=\"_blank\" rel=\"noopener noreferrer\"> Google <\/a> o da <a href=\"https:\/\/support.google.com\/analytics\/answer\/6004245?hl=de\" target=\"_blank\" rel=\"noopener noreferrer\"> Google Analytics .<\/a><\/p>\n<h3>Disattiva Google Analytics<\/h3>\n<ul>\n<li>\n<ul>\n<li>Puoi <strong> in generale <\/strong> impedire la raccolta dei tuoi dati utente sul nostro sito web impostando &#8220;Do Not Track&#8221; nel tuo browser web. Il nostro sito Web tiene conto del segnale &#8220;Do Not Track&#8221;, che il tuo browser Web invia quindi a tutti i siti Web.<\/li>\n<li>In generale, puoi <strong> impedire la raccolta dei tuoi dati utente da parte di Google Analytics su tutti i siti web <\/strong> scaricando e installando il plug-in del browser disponibile al seguente link: <a href=\"https:\/\/tools.google.com\/dlpage\/gaoptout?hl=de\" target=\"_blank\" rel=\"noopener noreferrer\">https:\/\/tools.google.com\/dlpage\/gaoptout?hl=de<\/a><\/li>\n<\/ul>\n<\/li>\n<\/ul>\n<\/div><\/div><style type=\"text\/css\">.fusion-body .fusion-builder-column-0{width:100% !important;margin-top : 0px;margin-bottom : 20px;}.fusion-builder-column-0 > .fusion-column-wrapper {padding-top : 0px !important;padding-right : 0px !important;margin-right : 1.92%;padding-bottom : 0px !important;padding-left : 0px !important;margin-left : 1.92%;}@media only screen and (max-width:1024px) {.fusion-body .fusion-builder-column-0{width:100% !important;order : 0;}.fusion-builder-column-0 > .fusion-column-wrapper {margin-right : 1.92%;margin-left : 1.92%;}}@media only screen and (max-width:640px) {.fusion-body .fusion-builder-column-0{width:100% !important;order : 0;}.fusion-builder-column-0 > .fusion-column-wrapper {margin-right : 1.92%;margin-left : 1.92%;}}<\/style><\/div><\/div><style type=\"text\/css\">.fusion-body .fusion-flex-container.fusion-builder-row-1{ padding-top : 0px;margin-top : 0px;padding-right : 0px;padding-bottom : 0px;margin-bottom : 0px;padding-left : 0px;}<\/style><\/div>\n","protected":false},"excerpt":{"rendered":"","protected":false},"author":1,"featured_media":0,"parent":0,"menu_order":0,"comment_status":"closed","ping_status":"open","template":"100-width.php","meta":{"footnotes":""},"class_list":["post-339","page","type-page","status-publish","hentry"],"yoast_head":"<!-- This site is optimized with the Yoast SEO plugin v19.9 - https:\/\/yoast.com\/wordpress\/plugins\/seo\/ -->\n<title>privacy - Physio Jutta Wopfner<\/title>\n<meta name=\"robots\" content=\"index, follow, max-snippet:-1, max-image-preview:large, max-video-preview:-1\" \/>\n<link rel=\"canonical\" href=\"https:\/\/www.juttawopfner.com\/it\/privacy\/\" \/>\n<meta property=\"og:locale\" content=\"it_IT\" \/>\n<meta property=\"og:type\" content=\"article\" \/>\n<meta property=\"og:title\" content=\"privacy - Physio Jutta Wopfner\" \/>\n<meta property=\"og:url\" content=\"https:\/\/www.juttawopfner.com\/it\/privacy\/\" \/>\n<meta property=\"og:site_name\" content=\"Physio Jutta Wopfner\" \/>\n<meta property=\"article:modified_time\" content=\"2021-09-09T09:45:08+00:00\" \/>\n<meta name=\"twitter:card\" content=\"summary_large_image\" \/>\n<meta name=\"twitter:label1\" content=\"Tempo di lettura stimato\" \/>\n\t<meta name=\"twitter:data1\" content=\"7 minuti\" \/>\n<script type=\"application\/ld+json\" class=\"yoast-schema-graph\">{\"@context\":\"https:\/\/schema.org\",\"@graph\":[{\"@type\":\"WebPage\",\"@id\":\"https:\/\/www.juttawopfner.com\/it\/privacy\/\",\"url\":\"https:\/\/www.juttawopfner.com\/it\/privacy\/\",\"name\":\"privacy - Physio Jutta Wopfner\",\"isPartOf\":{\"@id\":\"https:\/\/www.juttawopfner.com\/it\/#website\"},\"datePublished\":\"2021-09-07T08:05:18+00:00\",\"dateModified\":\"2021-09-09T09:45:08+00:00\",\"breadcrumb\":{\"@id\":\"https:\/\/www.juttawopfner.com\/it\/privacy\/#breadcrumb\"},\"inLanguage\":\"it-IT\",\"potentialAction\":[{\"@type\":\"ReadAction\",\"target\":[\"https:\/\/www.juttawopfner.com\/it\/privacy\/\"]}]},{\"@type\":\"BreadcrumbList\",\"@id\":\"https:\/\/www.juttawopfner.com\/it\/privacy\/#breadcrumb\",\"itemListElement\":[{\"@type\":\"ListItem\",\"position\":1,\"name\":\"Startseite\",\"item\":\"https:\/\/www.juttawopfner.com\/it\/\"},{\"@type\":\"ListItem\",\"position\":2,\"name\":\"privacy\"}]},{\"@type\":\"WebSite\",\"@id\":\"https:\/\/www.juttawopfner.com\/it\/#website\",\"url\":\"https:\/\/www.juttawopfner.com\/it\/\",\"name\":\"Physio Jutta Wopfner\",\"description\":\"\",\"publisher\":{\"@id\":\"https:\/\/www.juttawopfner.com\/it\/#organization\"},\"potentialAction\":[{\"@type\":\"SearchAction\",\"target\":{\"@type\":\"EntryPoint\",\"urlTemplate\":\"https:\/\/www.juttawopfner.com\/it\/?s={search_term_string}\"},\"query-input\":\"required name=search_term_string\"}],\"inLanguage\":\"it-IT\"},{\"@type\":\"Organization\",\"@id\":\"https:\/\/www.juttawopfner.com\/it\/#organization\",\"name\":\"Physio Jutta Wopfner\",\"url\":\"https:\/\/www.juttawopfner.com\/it\/\",\"logo\":{\"@type\":\"ImageObject\",\"inLanguage\":\"it-IT\",\"@id\":\"https:\/\/www.juttawopfner.com\/it\/#\/schema\/logo\/image\/\",\"url\":\"https:\/\/www.juttawopfner.com\/wp-content\/uploads\/2021\/09\/unterschrift.png\",\"contentUrl\":\"https:\/\/www.juttawopfner.com\/wp-content\/uploads\/2021\/09\/unterschrift.png\",\"width\":300,\"height\":102,\"caption\":\"Physio Jutta Wopfner\"},\"image\":{\"@id\":\"https:\/\/www.juttawopfner.com\/it\/#\/schema\/logo\/image\/\"}}]}<\/script>\n<!-- \/ Yoast SEO plugin. -->","yoast_head_json":{"title":"privacy - Physio Jutta Wopfner","robots":{"index":"index","follow":"follow","max-snippet":"max-snippet:-1","max-image-preview":"max-image-preview:large","max-video-preview":"max-video-preview:-1"},"canonical":"https:\/\/www.juttawopfner.com\/it\/privacy\/","og_locale":"it_IT","og_type":"article","og_title":"privacy - Physio Jutta Wopfner","og_url":"https:\/\/www.juttawopfner.com\/it\/privacy\/","og_site_name":"Physio Jutta Wopfner","article_modified_time":"2021-09-09T09:45:08+00:00","twitter_card":"summary_large_image","twitter_misc":{"Tempo di lettura stimato":"7 minuti"},"schema":{"@context":"https:\/\/schema.org","@graph":[{"@type":"WebPage","@id":"https:\/\/www.juttawopfner.com\/it\/privacy\/","url":"https:\/\/www.juttawopfner.com\/it\/privacy\/","name":"privacy - Physio Jutta Wopfner","isPartOf":{"@id":"https:\/\/www.juttawopfner.com\/it\/#website"},"datePublished":"2021-09-07T08:05:18+00:00","dateModified":"2021-09-09T09:45:08+00:00","breadcrumb":{"@id":"https:\/\/www.juttawopfner.com\/it\/privacy\/#breadcrumb"},"inLanguage":"it-IT","potentialAction":[{"@type":"ReadAction","target":["https:\/\/www.juttawopfner.com\/it\/privacy\/"]}]},{"@type":"BreadcrumbList","@id":"https:\/\/www.juttawopfner.com\/it\/privacy\/#breadcrumb","itemListElement":[{"@type":"ListItem","position":1,"name":"Startseite","item":"https:\/\/www.juttawopfner.com\/it\/"},{"@type":"ListItem","position":2,"name":"privacy"}]},{"@type":"WebSite","@id":"https:\/\/www.juttawopfner.com\/it\/#website","url":"https:\/\/www.juttawopfner.com\/it\/","name":"Physio Jutta Wopfner","description":"","publisher":{"@id":"https:\/\/www.juttawopfner.com\/it\/#organization"},"potentialAction":[{"@type":"SearchAction","target":{"@type":"EntryPoint","urlTemplate":"https:\/\/www.juttawopfner.com\/it\/?s={search_term_string}"},"query-input":"required name=search_term_string"}],"inLanguage":"it-IT"},{"@type":"Organization","@id":"https:\/\/www.juttawopfner.com\/it\/#organization","name":"Physio Jutta Wopfner","url":"https:\/\/www.juttawopfner.com\/it\/","logo":{"@type":"ImageObject","inLanguage":"it-IT","@id":"https:\/\/www.juttawopfner.com\/it\/#\/schema\/logo\/image\/","url":"https:\/\/www.juttawopfner.com\/wp-content\/uploads\/2021\/09\/unterschrift.png","contentUrl":"https:\/\/www.juttawopfner.com\/wp-content\/uploads\/2021\/09\/unterschrift.png","width":300,"height":102,"caption":"Physio Jutta Wopfner"},"image":{"@id":"https:\/\/www.juttawopfner.com\/it\/#\/schema\/logo\/image\/"}}]}},"_links":{"self":[{"href":"https:\/\/www.juttawopfner.com\/it\/wp-json\/wp\/v2\/pages\/339","targetHints":{"allow":["GET"]}}],"collection":[{"href":"https:\/\/www.juttawopfner.com\/it\/wp-json\/wp\/v2\/pages"}],"about":[{"href":"https:\/\/www.juttawopfner.com\/it\/wp-json\/wp\/v2\/types\/page"}],"author":[{"embeddable":true,"href":"https:\/\/www.juttawopfner.com\/it\/wp-json\/wp\/v2\/users\/1"}],"replies":[{"embeddable":true,"href":"https:\/\/www.juttawopfner.com\/it\/wp-json\/wp\/v2\/comments?post=339"}],"version-history":[{"count":4,"href":"https:\/\/www.juttawopfner.com\/it\/wp-json\/wp\/v2\/pages\/339\/revisions"}],"predecessor-version":[{"id":448,"href":"https:\/\/www.juttawopfner.com\/it\/wp-json\/wp\/v2\/pages\/339\/revisions\/448"}],"wp:attachment":[{"href":"https:\/\/www.juttawopfner.com\/it\/wp-json\/wp\/v2\/media?parent=339"}],"curies":[{"name":"wp","href":"https:\/\/api.w.org\/{rel}","templated":true}]}}